{"id":4350,"date":"2025-09-22T13:52:41","date_gmt":"2025-09-22T13:52:41","guid":{"rendered":"https:\/\/yakami.fr\/product\/oreal-age-perf-lait-demaquilla-200m\/"},"modified":"2025-09-24T13:27:46","modified_gmt":"2025-09-24T13:27:46","slug":"oreal-age-perf-lait-demaquilla-200m","status":"publish","type":"product","link":"https:\/\/yakami.fr\/sw\/product\/oreal-age-perf-lait-demaquilla-200m\/","title":{"rendered":"L&#8217;Or\u00e9al Paris Age Perfect Lait D\u00e9maquillant 200ml"},"content":{"rendered":"<p>L&#8217;Or\u00e9al Paris Age Perfect Lait D\u00e9maquillant 200ml is a nourishing cleansing milk specially formulated for mature skin. Enriched with calcium and vitamin E, it gently removes makeup and impurities while intensely hydrating and fortifying the skin. This anti-fatigue cleansing milk helps smooth wrinkles and revitalizes the complexion for a younger, fresher appearance. Suitable for daily use, it leaves skin feeling soft, comfortable, and energized.<\/p>\n<h2 class=\"mb-2 mt-4 font-display font-semimedium text-base first:mt-0\">Benefits<\/h2>\n<ul class=\"marker:text-quiet list-disc\">\n<li class=\"py-0 my-0 prose-p:pt-0 prose-p:mb-2 prose-p:my-0 [&amp;&gt;p]:pt-0 [&amp;&gt;p]:mb-2 [&amp;&gt;p]:my-0\">\n<p class=\"my-2 [&amp;+p]:mt-4 [&amp;_strong:has(+br)]:inline-block [&amp;_strong:has(+br)]:pb-2\">Thoroughly removes makeup and impurities without drying the skin<\/p>\n<\/li>\n<li class=\"py-0 my-0 prose-p:pt-0 prose-p:mb-2 prose-p:my-0 [&amp;&gt;p]:pt-0 [&amp;&gt;p]:mb-2 [&amp;&gt;p]:my-0\">\n<p class=\"my-2 [&amp;+p]:mt-4 [&amp;_strong:has(+br)]:inline-block [&amp;_strong:has(+br)]:pb-2\">Deeply hydrates and nourishes mature skin<\/p>\n<\/li>\n<li class=\"py-0 my-0 prose-p:pt-0 prose-p:mb-2 prose-p:my-0 [&amp;&gt;p]:pt-0 [&amp;&gt;p]:mb-2 [&amp;&gt;p]:my-0\">\n<p class=\"my-2 [&amp;+p]:mt-4 [&amp;_strong:has(+br)]:inline-block [&amp;_strong:has(+br)]:pb-2\">Fortifies the skin with calcium and vitamin E<\/p>\n<\/li>\n<li class=\"py-0 my-0 prose-p:pt-0 prose-p:mb-2 prose-p:my-0 [&amp;&gt;p]:pt-0 [&amp;&gt;p]:mb-2 [&amp;&gt;p]:my-0\">\n<p class=\"my-2 [&amp;+p]:mt-4 [&amp;_strong:has(+br)]:inline-block [&amp;_strong:has(+br)]:pb-2\">Smoothes wrinkles and reduces signs of fatigue<\/p>\n<\/li>\n<li class=\"py-0 my-0 prose-p:pt-0 prose-p:mb-2 prose-p:my-0 [&amp;&gt;p]:pt-0 [&amp;&gt;p]:mb-2 [&amp;&gt;p]:my-0\">\n<p class=\"my-2 [&amp;+p]:mt-4 [&amp;_strong:has(+br)]:inline-block [&amp;_strong:has(+br)]:pb-2\">Refreshes and revitalizes dull, tired skin for a youthful glow<\/p>\n<\/li>\n<\/ul>\n<h2 class=\"mb-2 mt-4 font-display font-semimedium text-base first:mt-0\">How to Use It<\/h2>\n<p class=\"my-2 [&amp;+p]:mt-4 [&amp;_strong:has(+br)]:inline-block [&amp;_strong:has(+br)]:pb-2\">Apply a small amount onto a cotton pad and gently cleanse the face, avoiding the eye area. Use daily as part of your morning or evening skincare routine. Follow with your preferred Age Perfect moisturizer for best results.<\/p>\n<h2 class=\"mb-2 mt-4 font-display font-semimedium text-base first:mt-0\">When to Use It<\/h2>\n<p class=\"my-2 [&amp;+p]:mt-4 [&amp;_strong:has(+br)]:inline-block [&amp;_strong:has(+br)]:pb-2\">Use morning and evening to remove makeup, dirt, and pollution, preparing the skin for further treatment and hydration.<\/p>\n<h2 class=\"mb-2 mt-4 font-display font-semimedium text-base first:mt-0\">Who Should Use It<\/h2>\n<p class=\"my-2 [&amp;+p]:mt-4 [&amp;_strong:has(+br)]:inline-block [&amp;_strong:has(+br)]:pb-2\">Ideal for mature skin, especially for individuals aged 50 and above seeking gentle yet effective cleansing with anti-aging benefits.<\/p>\n<h2 class=\"mb-2 mt-4 font-display font-semimedium text-base first:mt-0\">Skin Types It Works On<\/h2>\n<p class=\"my-2 [&amp;+p]:mt-4 [&amp;_strong:has(+br)]:inline-block [&amp;_strong:has(+br)]:pb-2\">Formulated specifically for mature skin but suitable for normal to dry skin types seeking hydration and anti-wrinkle effects.<\/p>\n","protected":false},"excerpt":{"rendered":"<p>L&#8217;Or\u00e9al Paris Age Perfect Lait D\u00e9maquillant 200ml is a nourishing cleansing milk specially formulated for mature skin. Enriched with calcium and vitamin E, it gently removes makeup and impurities while intensely hydrating and fortifying the skin. This anti-fatigue cleansing milk helps smooth wrinkles and revitalizes the complexion for a younger, fresher appearance. Suitable for daily use, it leaves skin feeling soft, comfortable, and energized.<\/p>","protected":false},"featured_media":4439,"comment_status":"open","ping_status":"closed","template":"","meta":{"site-sidebar-layout":"default","site-content-layout":"","ast-site-content-layout":"default","site-content-style":"default","site-sidebar-style":"default","ast-global-header-display":"","ast-banner-title-visibility":"","ast-main-header-display":"","ast-hfb-above-header-display":"","ast-hfb-below-header-display":"","ast-hfb-mobile-header-display":"","site-post-title":"","ast-breadcrumbs-content":"","ast-featured-img":"","footer-sml-layout":"","ast-disable-related-posts":"","theme-transparent-header-meta":"default","adv-header-id-meta":"","stick-header-meta":"","header-above-stick-meta":"","header-main-stick-meta":"","header-below-stick-meta":"","astra-migrate-meta-layouts":"set","ast-page-background-enabled":"default","ast-page-background-meta":{"desktop":{"background-color":"var(--ast-global-color-4)","background-image":"","background-repeat":"repeat","background-position":"center center","background-size":"auto","background-attachment":"scroll","background-type":"","background-media":"","overlay-type":"","overlay-color":"","overlay-opacity":"","overlay-gradient":""},"tablet":{"background-color":"","background-image":"","background-repeat":"repeat","background-position":"center center","background-size":"auto","background-attachment":"scroll","background-type":"","background-media":"","overlay-type":"","overlay-color":"","overlay-opacity":"","overlay-gradient":""},"mobile":{"background-color":"","background-image":"","background-repeat":"repeat","background-position":"center center","background-size":"auto","background-attachment":"scroll","background-type":"","background-media":"","overlay-type":"","overlay-color":"","overlay-opacity":"","overlay-gradient":""}},"ast-content-background-meta":{"desktop":{"background-color":"var(--ast-global-color-5)","background-image":"","background-repeat":"repeat","background-position":"center center","background-size":"auto","background-attachment":"scroll","background-type":"","background-media":"","overlay-type":"","overlay-color":"","overlay-opacity":"","overlay-gradient":""},"tablet":{"background-color":"var(--ast-global-color-5)","background-image":"","background-repeat":"repeat","background-position":"center center","background-size":"auto","background-attachment":"scroll","background-type":"","background-media":"","overlay-type":"","overlay-color":"","overlay-opacity":"","overlay-gradient":""},"mobile":{"background-color":"var(--ast-global-color-5)","background-image":"","background-repeat":"repeat","background-position":"center center","background-size":"auto","background-attachment":"scroll","background-type":"","background-media":"","overlay-type":"","overlay-color":"","overlay-opacity":"","overlay-gradient":""}},"jetpack_post_was_ever_published":false,"jetpack_publicize_message":"","jetpack_publicize_feature_enabled":true,"jetpack_social_post_already_shared":true,"jetpack_social_options":{"image_generator_settings":{"template":"highway","default_image_id":0,"font":"","enabled":false},"version":2}},"product_brand":[192,168],"product_cat":[34],"product_tag":[149],"class_list":{"0":"post-4350","1":"product","2":"type-product","3":"status-publish","4":"has-post-thumbnail","6":"product_brand-loreal-paris","7":"product_brand-loreal","8":"product_cat-face","9":"product_tag-cleanser","10":"desktop-align-left","11":"tablet-align-left","12":"mobile-align-left","14":"first","15":"instock","16":"shipping-taxable","17":"purchasable","18":"product-type-simple"},"yoast_head":"<!-- This site is optimized with the Yoast SEO plugin v27.4 - https:\/\/yoast.com\/product\/yoast-seo-wordpress\/ -->\n<title>L&#039;Or\u00e9al Paris Age Perfect Lait D\u00e9maquillant 200ml - Yakami Online Store<\/title>\n<meta name=\"description\" content=\"Gentle cleansing milk for mature skin infused with calcium and vitamin E. Effectively removes makeup, hydrates deeply, smooths wrinkles, and revitalizes the skin. Perfect for daily use to keep skin fresh and nourished.\" \/>\n<meta name=\"robots\" content=\"index, follow, max-snippet:-1, max-image-preview:large, max-video-preview:-1\" \/>\n<link rel=\"canonical\" href=\"https:\/\/yakami.fr\/sw\/product\/oreal-age-perf-lait-demaquilla-200m\/\" \/>\n<meta property=\"og:locale\" content=\"en_US\" \/>\n<meta property=\"og:type\" content=\"article\" \/>\n<meta property=\"og:title\" content=\"L&#039;Or\u00e9al Paris Age Perfect Lait D\u00e9maquillant 200ml - Yakami Online Store\" \/>\n<meta property=\"og:description\" content=\"Gentle cleansing milk for mature skin infused with calcium and vitamin E. Effectively removes makeup, hydrates deeply, smooths wrinkles, and revitalizes the skin. Perfect for daily use to keep skin fresh and nourished.\" \/>\n<meta property=\"og:url\" content=\"https:\/\/yakami.fr\/sw\/product\/oreal-age-perf-lait-demaquilla-200m\/\" \/>\n<meta property=\"og:site_name\" content=\"Yakami Online Store\" \/>\n<meta property=\"article:publisher\" content=\"https:\/\/www.facebook.com\/yakamifrancecompanyltd\/\" \/>\n<meta property=\"article:modified_time\" content=\"2025-09-24T13:27:46+00:00\" \/>\n<meta property=\"og:image\" content=\"https:\/\/i0.wp.com\/yakami.fr\/wp-content\/uploads\/2025\/09\/L-Oreal-Paris-Age-Perfect-Lait-Demaquillant-200ml.webp?fit=600%2C600&ssl=1\" \/>\n\t<meta property=\"og:image:width\" content=\"600\" \/>\n\t<meta property=\"og:image:height\" content=\"600\" \/>\n\t<meta property=\"og:image:type\" content=\"image\/webp\" \/>\n<meta name=\"twitter:card\" content=\"summary_large_image\" \/>\n<meta name=\"twitter:label1\" content=\"Est. reading time\" \/>\n\t<meta name=\"twitter:data1\" content=\"dakika 2\" \/>\n<script type=\"application\/ld+json\" class=\"yoast-schema-graph\">{\"@context\":\"https:\\\/\\\/schema.org\",\"@graph\":[{\"@type\":\"WebPage\",\"@id\":\"https:\\\/\\\/yakami.fr\\\/product\\\/oreal-age-perf-lait-demaquilla-200m\\\/\",\"url\":\"https:\\\/\\\/yakami.fr\\\/product\\\/oreal-age-perf-lait-demaquilla-200m\\\/\",\"name\":\"L'Or\u00e9al Paris Age Perfect Lait D\u00e9maquillant 200ml - Yakami Online Store\",\"isPartOf\":{\"@id\":\"https:\\\/\\\/yakami.fr\\\/#website\"},\"primaryImageOfPage\":{\"@id\":\"https:\\\/\\\/yakami.fr\\\/product\\\/oreal-age-perf-lait-demaquilla-200m\\\/#primaryimage\"},\"image\":{\"@id\":\"https:\\\/\\\/yakami.fr\\\/product\\\/oreal-age-perf-lait-demaquilla-200m\\\/#primaryimage\"},\"thumbnailUrl\":\"https:\\\/\\\/i0.wp.com\\\/yakami.fr\\\/wp-content\\\/uploads\\\/2025\\\/09\\\/L-Oreal-Paris-Age-Perfect-Lait-Demaquillant-200ml.webp?fit=600%2C600&ssl=1\",\"datePublished\":\"2025-09-22T13:52:41+00:00\",\"dateModified\":\"2025-09-24T13:27:46+00:00\",\"description\":\"Gentle cleansing milk for mature skin infused with calcium and vitamin E. Effectively removes makeup, hydrates deeply, smooths wrinkles, and revitalizes the skin. Perfect for daily use to keep skin fresh and nourished.\",\"breadcrumb\":{\"@id\":\"https:\\\/\\\/yakami.fr\\\/product\\\/oreal-age-perf-lait-demaquilla-200m\\\/#breadcrumb\"},\"inLanguage\":\"sw\",\"potentialAction\":[{\"@type\":\"ReadAction\",\"target\":[\"https:\\\/\\\/yakami.fr\\\/product\\\/oreal-age-perf-lait-demaquilla-200m\\\/\"]}]},{\"@type\":\"ImageObject\",\"inLanguage\":\"sw\",\"@id\":\"https:\\\/\\\/yakami.fr\\\/product\\\/oreal-age-perf-lait-demaquilla-200m\\\/#primaryimage\",\"url\":\"https:\\\/\\\/i0.wp.com\\\/yakami.fr\\\/wp-content\\\/uploads\\\/2025\\\/09\\\/L-Oreal-Paris-Age-Perfect-Lait-Demaquillant-200ml.webp?fit=600%2C600&ssl=1\",\"contentUrl\":\"https:\\\/\\\/i0.wp.com\\\/yakami.fr\\\/wp-content\\\/uploads\\\/2025\\\/09\\\/L-Oreal-Paris-Age-Perfect-Lait-Demaquillant-200ml.webp?fit=600%2C600&ssl=1\",\"width\":600,\"height\":600},{\"@type\":\"BreadcrumbList\",\"@id\":\"https:\\\/\\\/yakami.fr\\\/product\\\/oreal-age-perf-lait-demaquilla-200m\\\/#breadcrumb\",\"itemListElement\":[{\"@type\":\"ListItem\",\"position\":1,\"name\":\"Home\",\"item\":\"https:\\\/\\\/yakami.fr\\\/\"},{\"@type\":\"ListItem\",\"position\":2,\"name\":\"Shop\",\"item\":\"https:\\\/\\\/yakami.fr\\\/shop\\\/\"},{\"@type\":\"ListItem\",\"position\":3,\"name\":\"L&#8217;Or\u00e9al Paris Age Perfect Lait D\u00e9maquillant 200ml\"}]},{\"@type\":\"WebSite\",\"@id\":\"https:\\\/\\\/yakami.fr\\\/#website\",\"url\":\"https:\\\/\\\/yakami.fr\\\/\",\"name\":\"Yakami France\",\"description\":\"Discover Luxurious, Nourishing Products That Enhance Your Skin\u2019s Glow And Wellness.\",\"publisher\":{\"@id\":\"https:\\\/\\\/yakami.fr\\\/#organization\"},\"potentialAction\":[{\"@type\":\"SearchAction\",\"target\":{\"@type\":\"EntryPoint\",\"urlTemplate\":\"https:\\\/\\\/yakami.fr\\\/?s={search_term_string}\"},\"query-input\":{\"@type\":\"PropertyValueSpecification\",\"valueRequired\":true,\"valueName\":\"search_term_string\"}}],\"inLanguage\":\"sw\"},{\"@type\":\"Organization\",\"@id\":\"https:\\\/\\\/yakami.fr\\\/#organization\",\"name\":\"Yakami E-Commerce Store\",\"url\":\"https:\\\/\\\/yakami.fr\\\/\",\"logo\":{\"@type\":\"ImageObject\",\"inLanguage\":\"sw\",\"@id\":\"https:\\\/\\\/yakami.fr\\\/#\\\/schema\\\/logo\\\/image\\\/\",\"url\":\"https:\\\/\\\/i0.wp.com\\\/yakami.fr\\\/wp-content\\\/uploads\\\/2024\\\/10\\\/Logo.png?fit=424%2C216&ssl=1\",\"contentUrl\":\"https:\\\/\\\/i0.wp.com\\\/yakami.fr\\\/wp-content\\\/uploads\\\/2024\\\/10\\\/Logo.png?fit=424%2C216&ssl=1\",\"width\":424,\"height\":216,\"caption\":\"Yakami E-Commerce Store\"},\"image\":{\"@id\":\"https:\\\/\\\/yakami.fr\\\/#\\\/schema\\\/logo\\\/image\\\/\"},\"sameAs\":[\"https:\\\/\\\/www.facebook.com\\\/yakamifrancecompanyltd\\\/\",\"https:\\\/\\\/www.instagram.com\\\/yakami_france_company_ug\\\/\"]}]}<\/script>\n<!-- \/ Yoast SEO plugin. -->","yoast_head_json":{"title":"L'Or\u00e9al Paris Age Perfect Lait D\u00e9maquillant 200ml - Yakami Online Store","description":"Gentle cleansing milk for mature skin infused with calcium and vitamin E. Effectively removes makeup, hydrates deeply, smooths wrinkles, and revitalizes the skin. Perfect for daily use to keep skin fresh and nourished.","robots":{"index":"index","follow":"follow","max-snippet":"max-snippet:-1","max-image-preview":"max-image-preview:large","max-video-preview":"max-video-preview:-1"},"canonical":"https:\/\/yakami.fr\/sw\/product\/oreal-age-perf-lait-demaquilla-200m\/","og_locale":"en_US","og_type":"article","og_title":"L'Or\u00e9al Paris Age Perfect Lait D\u00e9maquillant 200ml - Yakami Online Store","og_description":"Gentle cleansing milk for mature skin infused with calcium and vitamin E. Effectively removes makeup, hydrates deeply, smooths wrinkles, and revitalizes the skin. Perfect for daily use to keep skin fresh and nourished.","og_url":"https:\/\/yakami.fr\/sw\/product\/oreal-age-perf-lait-demaquilla-200m\/","og_site_name":"Yakami Online Store","article_publisher":"https:\/\/www.facebook.com\/yakamifrancecompanyltd\/","article_modified_time":"2025-09-24T13:27:46+00:00","og_image":[{"width":600,"height":600,"url":"https:\/\/i0.wp.com\/yakami.fr\/wp-content\/uploads\/2025\/09\/L-Oreal-Paris-Age-Perfect-Lait-Demaquillant-200ml.webp?fit=600%2C600&ssl=1","type":"image\/webp"}],"twitter_card":"summary_large_image","twitter_misc":{"Est. reading time":"dakika 2"},"schema":{"@context":"https:\/\/schema.org","@graph":[{"@type":"WebPage","@id":"https:\/\/yakami.fr\/product\/oreal-age-perf-lait-demaquilla-200m\/","url":"https:\/\/yakami.fr\/product\/oreal-age-perf-lait-demaquilla-200m\/","name":"L'Or\u00e9al Paris Age Perfect Lait D\u00e9maquillant 200ml - Yakami Online Store","isPartOf":{"@id":"https:\/\/yakami.fr\/#website"},"primaryImageOfPage":{"@id":"https:\/\/yakami.fr\/product\/oreal-age-perf-lait-demaquilla-200m\/#primaryimage"},"image":{"@id":"https:\/\/yakami.fr\/product\/oreal-age-perf-lait-demaquilla-200m\/#primaryimage"},"thumbnailUrl":"https:\/\/i0.wp.com\/yakami.fr\/wp-content\/uploads\/2025\/09\/L-Oreal-Paris-Age-Perfect-Lait-Demaquillant-200ml.webp?fit=600%2C600&ssl=1","datePublished":"2025-09-22T13:52:41+00:00","dateModified":"2025-09-24T13:27:46+00:00","description":"Gentle cleansing milk for mature skin infused with calcium and vitamin E. Effectively removes makeup, hydrates deeply, smooths wrinkles, and revitalizes the skin. Perfect for daily use to keep skin fresh and nourished.","breadcrumb":{"@id":"https:\/\/yakami.fr\/product\/oreal-age-perf-lait-demaquilla-200m\/#breadcrumb"},"inLanguage":"sw","potentialAction":[{"@type":"ReadAction","target":["https:\/\/yakami.fr\/product\/oreal-age-perf-lait-demaquilla-200m\/"]}]},{"@type":"ImageObject","inLanguage":"sw","@id":"https:\/\/yakami.fr\/product\/oreal-age-perf-lait-demaquilla-200m\/#primaryimage","url":"https:\/\/i0.wp.com\/yakami.fr\/wp-content\/uploads\/2025\/09\/L-Oreal-Paris-Age-Perfect-Lait-Demaquillant-200ml.webp?fit=600%2C600&ssl=1","contentUrl":"https:\/\/i0.wp.com\/yakami.fr\/wp-content\/uploads\/2025\/09\/L-Oreal-Paris-Age-Perfect-Lait-Demaquillant-200ml.webp?fit=600%2C600&ssl=1","width":600,"height":600},{"@type":"BreadcrumbList","@id":"https:\/\/yakami.fr\/product\/oreal-age-perf-lait-demaquilla-200m\/#breadcrumb","itemListElement":[{"@type":"ListItem","position":1,"name":"Home","item":"https:\/\/yakami.fr\/"},{"@type":"ListItem","position":2,"name":"Shop","item":"https:\/\/yakami.fr\/shop\/"},{"@type":"ListItem","position":3,"name":"L&#8217;Or\u00e9al Paris Age Perfect Lait D\u00e9maquillant 200ml"}]},{"@type":"WebSite","@id":"https:\/\/yakami.fr\/#website","url":"https:\/\/yakami.fr\/","name":"Yakami France","description":"Discover Luxurious, Nourishing Products That Enhance Your Skin\u2019s Glow And Wellness.","publisher":{"@id":"https:\/\/yakami.fr\/#organization"},"potentialAction":[{"@type":"SearchAction","target":{"@type":"EntryPoint","urlTemplate":"https:\/\/yakami.fr\/?s={search_term_string}"},"query-input":{"@type":"PropertyValueSpecification","valueRequired":true,"valueName":"search_term_string"}}],"inLanguage":"sw"},{"@type":"Organization","@id":"https:\/\/yakami.fr\/#organization","name":"Yakami E-Commerce Store","url":"https:\/\/yakami.fr\/","logo":{"@type":"ImageObject","inLanguage":"sw","@id":"https:\/\/yakami.fr\/#\/schema\/logo\/image\/","url":"https:\/\/i0.wp.com\/yakami.fr\/wp-content\/uploads\/2024\/10\/Logo.png?fit=424%2C216&ssl=1","contentUrl":"https:\/\/i0.wp.com\/yakami.fr\/wp-content\/uploads\/2024\/10\/Logo.png?fit=424%2C216&ssl=1","width":424,"height":216,"caption":"Yakami E-Commerce Store"},"image":{"@id":"https:\/\/yakami.fr\/#\/schema\/logo\/image\/"},"sameAs":["https:\/\/www.facebook.com\/yakamifrancecompanyltd\/","https:\/\/www.instagram.com\/yakami_france_company_ug\/"]}]}},"jetpack_publicize_connections":[],"jetpack-related-posts":[],"jetpack_sharing_enabled":true,"_links":{"self":[{"href":"https:\/\/yakami.fr\/sw\/wp-json\/wp\/v2\/product\/4350","targetHints":{"allow":["GET"]}}],"collection":[{"href":"https:\/\/yakami.fr\/sw\/wp-json\/wp\/v2\/product"}],"about":[{"href":"https:\/\/yakami.fr\/sw\/wp-json\/wp\/v2\/types\/product"}],"replies":[{"embeddable":true,"href":"https:\/\/yakami.fr\/sw\/wp-json\/wp\/v2\/comments?post=4350"}],"wp:featuredmedia":[{"embeddable":true,"href":"https:\/\/yakami.fr\/sw\/wp-json\/wp\/v2\/media\/4439"}],"wp:attachment":[{"href":"https:\/\/yakami.fr\/sw\/wp-json\/wp\/v2\/media?parent=4350"}],"wp:term":[{"taxonomy":"product_brand","embeddable":true,"href":"https:\/\/yakami.fr\/sw\/wp-json\/wp\/v2\/product_brand?post=4350"},{"taxonomy":"product_cat","embeddable":true,"href":"https:\/\/yakami.fr\/sw\/wp-json\/wp\/v2\/product_cat?post=4350"},{"taxonomy":"product_tag","embeddable":true,"href":"https:\/\/yakami.fr\/sw\/wp-json\/wp\/v2\/product_tag?post=4350"}],"curies":[{"name":"wp","href":"https:\/\/api.w.org\/{rel}","templated":true}]}}