{"id":636,"date":"2024-06-10T18:21:12","date_gmt":"2024-06-10T18:21:12","guid":{"rendered":"https:\/\/yakami.fr\/?post_type=product&#038;p=636"},"modified":"2025-10-22T13:56:12","modified_gmt":"2025-10-22T13:56:12","slug":"gentle-face-and-body-cream-250ml","status":"publish","type":"product","link":"https:\/\/yakami.fr\/sw\/product\/gentle-face-and-body-cream-250ml\/","title":{"rendered":"Evoluderm Gentle Face and Body Cream 250ml"},"content":{"rendered":"<div class=\"flex-1 overflow-hidden\">\n<div class=\"react-scroll-to-bottom--css-inckz-79elbk h-full\">\n<div class=\"react-scroll-to-bottom--css-inckz-1n7m0yu\">\n<div class=\"flex flex-col text-sm pb-9\">\n<div class=\"w-full text-token-text-primary\" dir=\"auto\" data-testid=\"conversation-turn-19\" data-scroll-anchor=\"true\">\n<div class=\"py-2 juice:py-[18px] px-3 text-base md:px-4 m-auto md:px-5 lg:px-1 xl:px-5\">\n<div class=\"mx-auto flex flex-1 gap-3 text-base juice:gap-4 juice:md:gap-6 md:max-w-3xl lg:max-w-[40rem] xl:max-w-[48rem]\">\n<div class=\"group\/conversation-turn relative flex w-full min-w-0 flex-col agent-turn\">\n<div class=\"flex-col gap-1 md:gap-3\">\n<div class=\"flex flex-grow flex-col max-w-full\">\n<div class=\"min-h-[20px] text-message flex flex-col items-start whitespace-pre-wrap break-words [.text-message+&amp;]:mt-5 juice:w-full juice:items-end overflow-x-auto gap-2\" dir=\"auto\" data-message-author-role=\"assistant\" data-message-id=\"5e308c6f-4236-4f32-a868-abc7eef3b7d4\">\n<div class=\"flex w-full flex-col gap-1 juice:empty:hidden juice:first:pt-[3px]\">\n<div class=\"markdown prose w-full break-words dark:prose-invert dark\">\n<p>Evoluderm Gentle Face and Body Cream is formulated with 91% natural ingredients, vegan and perfectly tolerated by all skin types , making it an ideal nourishing and protective skincare solution for the whole family. Enriched with Sweet Almond Oil and Glycerin, it deeply moisturizes the skin while providing long-lasting hydration and comfort.<\/p>\n<h2 class=\"text-xl font-bold text-text-100 mt-1 -mb-0.5\"><strong>Key Benefits<\/strong><\/h2>\n<ul class=\"[&amp;:not(:last-child)_ul]:pb-1 [&amp;:not(:last-child)_ol]:pb-1 list-disc space-y-1.5 pl-7\">\n<li class=\"whitespace-normal break-words\"><strong>Deep Hydration<\/strong>: Sweet Almond Oil and Glycerin deeply moisturize the skin <span class=\"inline-flex\" data-state=\"closed\"><a class=\"group\/tag relative h-[18px] rounded-full inline-flex items-center overflow-hidden -translate-y-px cursor-pointer\" href=\"https:\/\/www.evoluderm.com\/en\/collections\/hydrater-et-nourrir\" target=\"_blank\" rel=\"noopener\"><span class=\"relative transition-colors h-full max-w-[180px] overflow-hidden px-1.5 inline-flex items-center font-small rounded-full border-0.5 border-border-300 bg-bg-200 group-hover\/tag:bg-accent-secondary-900 group-hover\/tag:border-accent-secondary-100\/60\"><span class=\"text-nowrap text-text-300 break-all truncate font-normal group-hover\/tag:text-text-200\">Moisturize and nourish the face \u2013 Evoluderm<\/span><\/span><\/a><\/span><\/li>\n<li class=\"whitespace-normal break-words\"><strong>Dual Purpose<\/strong>: Ideal for all skin types, this cream deeply hydrates and nourishes the face and body <span class=\"inline-flex\" data-state=\"closed\"><a class=\"group\/tag relative h-[18px] rounded-full inline-flex items-center overflow-hidden -translate-y-px cursor-pointer\" href=\"https:\/\/www.evoluderm.com\/en\/products\/creme-douceur-visage-et-corps\" target=\"_blank\" rel=\"noopener\"><span class=\"relative transition-colors h-full max-w-[180px] overflow-hidden px-1.5 inline-flex items-center font-small rounded-full border-0.5 border-border-300 bg-bg-200 group-hover\/tag:bg-accent-secondary-900 group-hover\/tag:border-accent-secondary-100\/60\"><span class=\"text-nowrap text-text-300 break-all truncate font-normal group-hover\/tag:text-text-200\">Gentle Face and Body Cream \u2013 Evoluderm<\/span><\/span><\/a><\/span><\/li>\n<li class=\"whitespace-normal break-words\"><strong>Natural Formula<\/strong>: 91% natural ingredients, vegan <span class=\"inline-flex\" data-state=\"closed\"><a class=\"group\/tag relative h-[18px] rounded-full inline-flex items-center overflow-hidden -translate-y-px cursor-pointer\" href=\"https:\/\/www.evoluderm.com\/en\/collections\/hydrater-et-nourrir\" target=\"_blank\" rel=\"noopener\"><span class=\"relative transition-colors h-full max-w-[180px] overflow-hidden px-1.5 inline-flex items-center font-small rounded-full border-0.5 border-border-300 bg-bg-200 group-hover\/tag:bg-accent-secondary-900 group-hover\/tag:border-accent-secondary-100\/60\"><span class=\"text-nowrap text-text-300 break-all truncate font-normal group-hover\/tag:text-text-200\">Moisturize and nourish the face \u2013 Evoluderm<\/span><\/span><\/a><\/span><\/li>\n<li class=\"whitespace-normal break-words\"><strong>Gentle &amp; Soothing<\/strong>: Sweet Almond Oil soothes <span class=\"inline-flex\" data-state=\"closed\"><a class=\"group\/tag relative h-[18px] rounded-full inline-flex items-center overflow-hidden -translate-y-px cursor-pointer\" href=\"https:\/\/www.evoluderm.com\/en\/collections\/hydrater-et-nourrir\" target=\"_blank\" rel=\"noopener\"><span class=\"relative transition-colors h-full max-w-[180px] overflow-hidden px-1.5 inline-flex items-center font-small rounded-full border-0.5 border-border-300 bg-bg-200 group-hover\/tag:bg-accent-secondary-900 group-hover\/tag:border-accent-secondary-100\/60\"><span class=\"text-nowrap text-text-300 break-all truncate font-normal group-hover\/tag:text-text-200\">Moisturize and nourish the face \u2013 Evoluderm<\/span><\/span><\/a><\/span> sensitive skin<\/li>\n<li class=\"whitespace-normal break-words\"><strong>Protective<\/strong>: Glycerin and its moisturizing power keep your skin protected throughout the day <span class=\"inline-flex\" data-state=\"closed\"><a class=\"group\/tag relative h-[18px] rounded-full inline-flex items-center overflow-hidden -translate-y-px cursor-pointer\" href=\"https:\/\/www.amazon.fr\/EVOLUDERM-Douceur-Visage-Fabrication-Fran%C3%A7aise\/dp\/B00F1Y9QG4\" target=\"_blank\" rel=\"noopener\"><span class=\"relative transition-colors h-full max-w-[180px] overflow-hidden px-1.5 inline-flex items-center font-small rounded-full border-0.5 border-border-300 bg-bg-200 group-hover\/tag:bg-accent-secondary-900 group-hover\/tag:border-accent-secondary-100\/60\"><span class=\"text-nowrap text-text-300 break-all truncate font-normal group-hover\/tag:text-text-200\">EVOLUDERM &#8211; Cr\u00e8me Douceur Visage et Corps &#8211; 250 ml &#8211; 91% d&#8217;Origine Naturelle &#8211; V\u00e9gan &#8211; Fabrication Fran\u00e7aise : Amazon.fr: Beaut\u00e9 et Parfum<\/span><\/span><\/a><\/span><\/li>\n<li class=\"whitespace-normal break-words\"><strong>Family-Friendly<\/strong>: Perfectly tolerated by all skin types <span class=\"inline-flex\" data-state=\"closed\"><a class=\"group\/tag relative h-[18px] rounded-full inline-flex items-center overflow-hidden -translate-y-px cursor-pointer\" href=\"https:\/\/www.evoluderm.com\/en\/collections\/hydrater-et-nourrir\" target=\"_blank\" rel=\"noopener\"><span class=\"relative transition-colors h-full max-w-[180px] overflow-hidden px-1.5 inline-flex items-center font-small rounded-full border-0.5 border-border-300 bg-bg-200 group-hover\/tag:bg-accent-secondary-900 group-hover\/tag:border-accent-secondary-100\/60\"><span class=\"text-nowrap text-text-300 break-all truncate font-normal group-hover\/tag:text-text-200\">Moisturize and nourish the face \u2013 Evoluderm<\/span><\/span><\/a><\/span><\/li>\n<\/ul>\n<h2 class=\"text-xl font-bold text-text-100 mt-1 -mb-0.5\"><strong>How to Use<\/strong><\/h2>\n<p class=\"whitespace-normal break-words\">Apply morning and evening to clean, dry skin on face and body. Gently massage in circular motions until fully absorbed. Can be used daily for optimal hydration and skin protection.<\/p>\n<h2 class=\"text-xl font-bold text-text-100 mt-1 -mb-0.5\"><strong>Suitable Skin Types<\/strong><\/h2>\n<ul class=\"[&amp;:not(:last-child)_ul]:pb-1 [&amp;:not(:last-child)_ol]:pb-1 list-disc space-y-1.5 pl-7\">\n<li class=\"whitespace-normal break-words\"><strong>All Skin Types<\/strong>: Ideal for all skin types<\/li>\n<li class=\"whitespace-normal break-words\">Normal skin<\/li>\n<li class=\"whitespace-normal break-words\">Dry skin<\/li>\n<li class=\"whitespace-normal break-words\">Sensitive skin<\/li>\n<li class=\"whitespace-normal break-words\">Combination skin<\/li>\n<\/ul>\n<\/div>\n<\/div>\n<\/div>\n<\/div>\n<div class=\"pr-2 lg:pr-0\"><\/div>\n<\/div>\n<div class=\"absolute\">\n<div class=\"flex w-full gap-2 items-center justify-center\"><\/div>\n<\/div>\n<\/div>\n<\/div>\n<\/div>\n<\/div>\n<\/div>\n<\/div>\n<\/div>\n<\/div>\n<div class=\"w-full md:pt-0 dark:border-white\/20 md:border-transparent md:dark:border-transparent md:w-[calc(100%-.5rem)] juice:w-full\">\n<div class=\"px-3 text-base md:px-4 m-auto md:px-5 lg:px-1 xl:px-5\">\n<div class=\"mx-auto flex flex-1 gap-3 text-base juice:gap-4 juice:md:gap-6 md:max-w-3xl lg:max-w-[40rem] xl:max-w-[48rem]\">\n<form class=\"w-full\">\n<div class=\"relative flex h-full max-w-full flex-1 flex-col\">\n<div class=\"absolute bottom-full left-0 right-0\"><\/div>\n<div class=\"flex w-full items-center\">\n<div class=\"flex w-full flex-col gap-1.5 rounded-[26px] p-1.5 transition-colors bg-[#f4f4f4] dark:bg-token-main-surface-secondary\">\n<div class=\"flex items-end gap-1.5 md:gap-3.5\">\n<div class=\"\" aria-haspopup=\"dialog\" aria-expanded=\"false\" aria-controls=\"radix-:rde:\" data-state=\"closed\">\n<div class=\"flex\"><\/div>\n<\/div>\n<\/div>\n<\/div>\n<\/div>\n<\/div>\n<\/form>\n<\/div>\n<\/div>\n<\/div>\n","protected":false},"excerpt":{"rendered":"<p>Evoluderm Gentle Face and Body Cream is formulated with 91% natural ingredients, vegan and perfectly tolerated by all skin types , making it an ideal nourishing and protective skincare solution for the whole family. Enriched with Sweet Almond Oil and Glycerin, it deeply moisturizes the skin while providing long-lasting hydration and comfort.<\/p>","protected":false},"featured_media":667,"comment_status":"open","ping_status":"closed","template":"","meta":{"site-sidebar-layout":"default","site-content-layout":"","ast-site-content-layout":"default","site-content-style":"default","site-sidebar-style":"default","ast-global-header-display":"","ast-banner-title-visibility":"","ast-main-header-display":"","ast-hfb-above-header-display":"","ast-hfb-below-header-display":"","ast-hfb-mobile-header-display":"","site-post-title":"","ast-breadcrumbs-content":"","ast-featured-img":"","footer-sml-layout":"","ast-disable-related-posts":"","theme-transparent-header-meta":"default","adv-header-id-meta":"","stick-header-meta":"","header-above-stick-meta":"","header-main-stick-meta":"","header-below-stick-meta":"","astra-migrate-meta-layouts":"set","ast-page-background-enabled":"default","ast-page-background-meta":{"desktop":{"background-color":"var(--ast-global-color-4)","background-image":"","background-repeat":"repeat","background-position":"center center","background-size":"auto","background-attachment":"scroll","background-type":"","background-media":"","overlay-type":"","overlay-color":"","overlay-opacity":"","overlay-gradient":""},"tablet":{"background-color":"","background-image":"","background-repeat":"repeat","background-position":"center center","background-size":"auto","background-attachment":"scroll","background-type":"","background-media":"","overlay-type":"","overlay-color":"","overlay-opacity":"","overlay-gradient":""},"mobile":{"background-color":"","background-image":"","background-repeat":"repeat","background-position":"center center","background-size":"auto","background-attachment":"scroll","background-type":"","background-media":"","overlay-type":"","overlay-color":"","overlay-opacity":"","overlay-gradient":""}},"ast-content-background-meta":{"desktop":{"background-color":"var(--ast-global-color-5)","background-image":"","background-repeat":"repeat","background-position":"center center","background-size":"auto","background-attachment":"scroll","background-type":"","background-media":"","overlay-type":"","overlay-color":"","overlay-opacity":"","overlay-gradient":""},"tablet":{"background-color":"var(--ast-global-color-5)","background-image":"","background-repeat":"repeat","background-position":"center center","background-size":"auto","background-attachment":"scroll","background-type":"","background-media":"","overlay-type":"","overlay-color":"","overlay-opacity":"","overlay-gradient":""},"mobile":{"background-color":"var(--ast-global-color-5)","background-image":"","background-repeat":"repeat","background-position":"center center","background-size":"auto","background-attachment":"scroll","background-type":"","background-media":"","overlay-type":"","overlay-color":"","overlay-opacity":"","overlay-gradient":""}},"jetpack_post_was_ever_published":false,"jetpack_publicize_message":"","jetpack_publicize_feature_enabled":true,"jetpack_social_post_already_shared":false,"jetpack_social_options":{"image_generator_settings":{"template":"highway","default_image_id":0,"font":"","enabled":false},"version":2}},"product_brand":[157],"product_cat":[31,61],"product_tag":[143],"class_list":{"0":"post-636","1":"product","2":"type-product","3":"status-publish","4":"has-post-thumbnail","6":"product_brand-evoluderm","7":"product_cat-body-bath","8":"product_cat-evoluderm-products","9":"product_tag-moisturizing-creams","10":"desktop-align-left","11":"tablet-align-left","12":"mobile-align-left","14":"first","15":"instock","16":"sale","17":"shipping-taxable","18":"purchasable","19":"product-type-simple"},"yoast_head":"<!-- This site is optimized with the Yoast SEO plugin v27.4 - https:\/\/yoast.com\/product\/yoast-seo-wordpress\/ -->\n<title>Evoluderm Gentle Face and Body Cream 250ml - Yakami Online Store<\/title>\n<meta name=\"description\" content=\"Evoluderm Gentle Face &amp; Body Cream 250ML - 91% natural ingredients, vegan skincare with Sweet Almond Oil &amp; Glycerin. Deep hydration for all skin types. Made in France.\" \/>\n<meta name=\"robots\" content=\"index, follow, max-snippet:-1, max-image-preview:large, max-video-preview:-1\" \/>\n<link rel=\"canonical\" href=\"https:\/\/yakami.fr\/sw\/product\/gentle-face-and-body-cream-250ml\/\" \/>\n<meta property=\"og:locale\" content=\"en_US\" \/>\n<meta property=\"og:type\" content=\"article\" \/>\n<meta property=\"og:title\" content=\"Evoluderm Gentle Face and Body Cream 250ml - Yakami Online Store\" \/>\n<meta property=\"og:description\" content=\"Evoluderm Gentle Face &amp; Body Cream 250ML - 91% natural ingredients, vegan skincare with Sweet Almond Oil &amp; Glycerin. Deep hydration for all skin types. Made in France.\" \/>\n<meta property=\"og:url\" content=\"https:\/\/yakami.fr\/sw\/product\/gentle-face-and-body-cream-250ml\/\" \/>\n<meta property=\"og:site_name\" content=\"Yakami Online Store\" \/>\n<meta property=\"article:publisher\" content=\"https:\/\/www.facebook.com\/yakamifrancecompanyltd\/\" \/>\n<meta property=\"article:modified_time\" content=\"2025-10-22T13:56:12+00:00\" \/>\n<meta property=\"og:image\" content=\"https:\/\/i0.wp.com\/yakami.fr\/wp-content\/uploads\/2024\/06\/CTU-01-800x800_1024x1024.jpg?fit=800%2C800&ssl=1\" \/>\n\t<meta property=\"og:image:width\" content=\"800\" \/>\n\t<meta property=\"og:image:height\" content=\"800\" \/>\n\t<meta property=\"og:image:type\" content=\"image\/jpeg\" \/>\n<meta name=\"twitter:card\" content=\"summary_large_image\" \/>\n<meta name=\"twitter:label1\" content=\"Est. reading time\" \/>\n\t<meta name=\"twitter:data1\" content=\"dakika 2\" \/>\n<script type=\"application\/ld+json\" class=\"yoast-schema-graph\">{\"@context\":\"https:\\\/\\\/schema.org\",\"@graph\":[{\"@type\":\"WebPage\",\"@id\":\"https:\\\/\\\/yakami.fr\\\/product\\\/gentle-face-and-body-cream-250ml\\\/\",\"url\":\"https:\\\/\\\/yakami.fr\\\/product\\\/gentle-face-and-body-cream-250ml\\\/\",\"name\":\"Evoluderm Gentle Face and Body Cream 250ml - Yakami Online Store\",\"isPartOf\":{\"@id\":\"https:\\\/\\\/yakami.fr\\\/#website\"},\"primaryImageOfPage\":{\"@id\":\"https:\\\/\\\/yakami.fr\\\/product\\\/gentle-face-and-body-cream-250ml\\\/#primaryimage\"},\"image\":{\"@id\":\"https:\\\/\\\/yakami.fr\\\/product\\\/gentle-face-and-body-cream-250ml\\\/#primaryimage\"},\"thumbnailUrl\":\"https:\\\/\\\/i0.wp.com\\\/yakami.fr\\\/wp-content\\\/uploads\\\/2024\\\/06\\\/CTU-01-800x800_1024x1024.jpg?fit=800%2C800&ssl=1\",\"datePublished\":\"2024-06-10T18:21:12+00:00\",\"dateModified\":\"2025-10-22T13:56:12+00:00\",\"description\":\"Evoluderm Gentle Face & Body Cream 250ML - 91% natural ingredients, vegan skincare with Sweet Almond Oil & Glycerin. Deep hydration for all skin types. Made in France.\",\"breadcrumb\":{\"@id\":\"https:\\\/\\\/yakami.fr\\\/product\\\/gentle-face-and-body-cream-250ml\\\/#breadcrumb\"},\"inLanguage\":\"sw\",\"potentialAction\":[{\"@type\":\"ReadAction\",\"target\":[\"https:\\\/\\\/yakami.fr\\\/product\\\/gentle-face-and-body-cream-250ml\\\/\"]}]},{\"@type\":\"ImageObject\",\"inLanguage\":\"sw\",\"@id\":\"https:\\\/\\\/yakami.fr\\\/product\\\/gentle-face-and-body-cream-250ml\\\/#primaryimage\",\"url\":\"https:\\\/\\\/i0.wp.com\\\/yakami.fr\\\/wp-content\\\/uploads\\\/2024\\\/06\\\/CTU-01-800x800_1024x1024.jpg?fit=800%2C800&ssl=1\",\"contentUrl\":\"https:\\\/\\\/i0.wp.com\\\/yakami.fr\\\/wp-content\\\/uploads\\\/2024\\\/06\\\/CTU-01-800x800_1024x1024.jpg?fit=800%2C800&ssl=1\",\"width\":800,\"height\":800},{\"@type\":\"BreadcrumbList\",\"@id\":\"https:\\\/\\\/yakami.fr\\\/product\\\/gentle-face-and-body-cream-250ml\\\/#breadcrumb\",\"itemListElement\":[{\"@type\":\"ListItem\",\"position\":1,\"name\":\"Home\",\"item\":\"https:\\\/\\\/yakami.fr\\\/\"},{\"@type\":\"ListItem\",\"position\":2,\"name\":\"Shop\",\"item\":\"https:\\\/\\\/yakami.fr\\\/shop\\\/\"},{\"@type\":\"ListItem\",\"position\":3,\"name\":\"Evoluderm Gentle Face and Body Cream 250ml\"}]},{\"@type\":\"WebSite\",\"@id\":\"https:\\\/\\\/yakami.fr\\\/#website\",\"url\":\"https:\\\/\\\/yakami.fr\\\/\",\"name\":\"Yakami France\",\"description\":\"Discover Luxurious, Nourishing Products That Enhance Your Skin\u2019s Glow And Wellness.\",\"publisher\":{\"@id\":\"https:\\\/\\\/yakami.fr\\\/#organization\"},\"potentialAction\":[{\"@type\":\"SearchAction\",\"target\":{\"@type\":\"EntryPoint\",\"urlTemplate\":\"https:\\\/\\\/yakami.fr\\\/?s={search_term_string}\"},\"query-input\":{\"@type\":\"PropertyValueSpecification\",\"valueRequired\":true,\"valueName\":\"search_term_string\"}}],\"inLanguage\":\"sw\"},{\"@type\":\"Organization\",\"@id\":\"https:\\\/\\\/yakami.fr\\\/#organization\",\"name\":\"Yakami E-Commerce Store\",\"url\":\"https:\\\/\\\/yakami.fr\\\/\",\"logo\":{\"@type\":\"ImageObject\",\"inLanguage\":\"sw\",\"@id\":\"https:\\\/\\\/yakami.fr\\\/#\\\/schema\\\/logo\\\/image\\\/\",\"url\":\"https:\\\/\\\/i0.wp.com\\\/yakami.fr\\\/wp-content\\\/uploads\\\/2024\\\/10\\\/Logo.png?fit=424%2C216&ssl=1\",\"contentUrl\":\"https:\\\/\\\/i0.wp.com\\\/yakami.fr\\\/wp-content\\\/uploads\\\/2024\\\/10\\\/Logo.png?fit=424%2C216&ssl=1\",\"width\":424,\"height\":216,\"caption\":\"Yakami E-Commerce Store\"},\"image\":{\"@id\":\"https:\\\/\\\/yakami.fr\\\/#\\\/schema\\\/logo\\\/image\\\/\"},\"sameAs\":[\"https:\\\/\\\/www.facebook.com\\\/yakamifrancecompanyltd\\\/\",\"https:\\\/\\\/www.instagram.com\\\/yakami_france_company_ug\\\/\"]}]}<\/script>\n<!-- \/ Yoast SEO plugin. -->","yoast_head_json":{"title":"Evoluderm Gentle Face and Body Cream 250ml - Yakami Online Store","description":"Evoluderm Gentle Face & Body Cream 250ML - 91% natural ingredients, vegan skincare with Sweet Almond Oil & Glycerin. Deep hydration for all skin types. Made in France.","robots":{"index":"index","follow":"follow","max-snippet":"max-snippet:-1","max-image-preview":"max-image-preview:large","max-video-preview":"max-video-preview:-1"},"canonical":"https:\/\/yakami.fr\/sw\/product\/gentle-face-and-body-cream-250ml\/","og_locale":"en_US","og_type":"article","og_title":"Evoluderm Gentle Face and Body Cream 250ml - Yakami Online Store","og_description":"Evoluderm Gentle Face & Body Cream 250ML - 91% natural ingredients, vegan skincare with Sweet Almond Oil & Glycerin. Deep hydration for all skin types. Made in France.","og_url":"https:\/\/yakami.fr\/sw\/product\/gentle-face-and-body-cream-250ml\/","og_site_name":"Yakami Online Store","article_publisher":"https:\/\/www.facebook.com\/yakamifrancecompanyltd\/","article_modified_time":"2025-10-22T13:56:12+00:00","og_image":[{"width":800,"height":800,"url":"https:\/\/i0.wp.com\/yakami.fr\/wp-content\/uploads\/2024\/06\/CTU-01-800x800_1024x1024.jpg?fit=800%2C800&ssl=1","type":"image\/jpeg"}],"twitter_card":"summary_large_image","twitter_misc":{"Est. reading time":"dakika 2"},"schema":{"@context":"https:\/\/schema.org","@graph":[{"@type":"WebPage","@id":"https:\/\/yakami.fr\/product\/gentle-face-and-body-cream-250ml\/","url":"https:\/\/yakami.fr\/product\/gentle-face-and-body-cream-250ml\/","name":"Evoluderm Gentle Face and Body Cream 250ml - Yakami Online Store","isPartOf":{"@id":"https:\/\/yakami.fr\/#website"},"primaryImageOfPage":{"@id":"https:\/\/yakami.fr\/product\/gentle-face-and-body-cream-250ml\/#primaryimage"},"image":{"@id":"https:\/\/yakami.fr\/product\/gentle-face-and-body-cream-250ml\/#primaryimage"},"thumbnailUrl":"https:\/\/i0.wp.com\/yakami.fr\/wp-content\/uploads\/2024\/06\/CTU-01-800x800_1024x1024.jpg?fit=800%2C800&ssl=1","datePublished":"2024-06-10T18:21:12+00:00","dateModified":"2025-10-22T13:56:12+00:00","description":"Evoluderm Gentle Face & Body Cream 250ML - 91% natural ingredients, vegan skincare with Sweet Almond Oil & Glycerin. Deep hydration for all skin types. Made in France.","breadcrumb":{"@id":"https:\/\/yakami.fr\/product\/gentle-face-and-body-cream-250ml\/#breadcrumb"},"inLanguage":"sw","potentialAction":[{"@type":"ReadAction","target":["https:\/\/yakami.fr\/product\/gentle-face-and-body-cream-250ml\/"]}]},{"@type":"ImageObject","inLanguage":"sw","@id":"https:\/\/yakami.fr\/product\/gentle-face-and-body-cream-250ml\/#primaryimage","url":"https:\/\/i0.wp.com\/yakami.fr\/wp-content\/uploads\/2024\/06\/CTU-01-800x800_1024x1024.jpg?fit=800%2C800&ssl=1","contentUrl":"https:\/\/i0.wp.com\/yakami.fr\/wp-content\/uploads\/2024\/06\/CTU-01-800x800_1024x1024.jpg?fit=800%2C800&ssl=1","width":800,"height":800},{"@type":"BreadcrumbList","@id":"https:\/\/yakami.fr\/product\/gentle-face-and-body-cream-250ml\/#breadcrumb","itemListElement":[{"@type":"ListItem","position":1,"name":"Home","item":"https:\/\/yakami.fr\/"},{"@type":"ListItem","position":2,"name":"Shop","item":"https:\/\/yakami.fr\/shop\/"},{"@type":"ListItem","position":3,"name":"Evoluderm Gentle Face and Body Cream 250ml"}]},{"@type":"WebSite","@id":"https:\/\/yakami.fr\/#website","url":"https:\/\/yakami.fr\/","name":"Yakami France","description":"Discover Luxurious, Nourishing Products That Enhance Your Skin\u2019s Glow And Wellness.","publisher":{"@id":"https:\/\/yakami.fr\/#organization"},"potentialAction":[{"@type":"SearchAction","target":{"@type":"EntryPoint","urlTemplate":"https:\/\/yakami.fr\/?s={search_term_string}"},"query-input":{"@type":"PropertyValueSpecification","valueRequired":true,"valueName":"search_term_string"}}],"inLanguage":"sw"},{"@type":"Organization","@id":"https:\/\/yakami.fr\/#organization","name":"Yakami E-Commerce Store","url":"https:\/\/yakami.fr\/","logo":{"@type":"ImageObject","inLanguage":"sw","@id":"https:\/\/yakami.fr\/#\/schema\/logo\/image\/","url":"https:\/\/i0.wp.com\/yakami.fr\/wp-content\/uploads\/2024\/10\/Logo.png?fit=424%2C216&ssl=1","contentUrl":"https:\/\/i0.wp.com\/yakami.fr\/wp-content\/uploads\/2024\/10\/Logo.png?fit=424%2C216&ssl=1","width":424,"height":216,"caption":"Yakami E-Commerce Store"},"image":{"@id":"https:\/\/yakami.fr\/#\/schema\/logo\/image\/"},"sameAs":["https:\/\/www.facebook.com\/yakamifrancecompanyltd\/","https:\/\/www.instagram.com\/yakami_france_company_ug\/"]}]}},"jetpack_publicize_connections":[],"jetpack-related-posts":[],"jetpack_sharing_enabled":true,"_links":{"self":[{"href":"https:\/\/yakami.fr\/sw\/wp-json\/wp\/v2\/product\/636","targetHints":{"allow":["GET"]}}],"collection":[{"href":"https:\/\/yakami.fr\/sw\/wp-json\/wp\/v2\/product"}],"about":[{"href":"https:\/\/yakami.fr\/sw\/wp-json\/wp\/v2\/types\/product"}],"replies":[{"embeddable":true,"href":"https:\/\/yakami.fr\/sw\/wp-json\/wp\/v2\/comments?post=636"}],"wp:featuredmedia":[{"embeddable":true,"href":"https:\/\/yakami.fr\/sw\/wp-json\/wp\/v2\/media\/667"}],"wp:attachment":[{"href":"https:\/\/yakami.fr\/sw\/wp-json\/wp\/v2\/media?parent=636"}],"wp:term":[{"taxonomy":"product_brand","embeddable":true,"href":"https:\/\/yakami.fr\/sw\/wp-json\/wp\/v2\/product_brand?post=636"},{"taxonomy":"product_cat","embeddable":true,"href":"https:\/\/yakami.fr\/sw\/wp-json\/wp\/v2\/product_cat?post=636"},{"taxonomy":"product_tag","embeddable":true,"href":"https:\/\/yakami.fr\/sw\/wp-json\/wp\/v2\/product_tag?post=636"}],"curies":[{"name":"wp","href":"https:\/\/api.w.org\/{rel}","templated":true}]}}